{"id":54,"date":"2020-01-14T15:21:21","date_gmt":"2020-01-14T14:21:21","guid":{"rendered":"http:\/\/pracowniadobrejenergii.pl\/?page_id=54"},"modified":"2023-03-02T09:55:30","modified_gmt":"2023-03-02T08:55:30","slug":"energia-dla-zdrowia","status":"publish","type":"page","link":"https:\/\/pracowniadobrejenergii.pl\/","title":{"rendered":"Energia dla zdrowia"},"content":{"rendered":"\n<p><strong>Cia\u0142o jest domem dla duszy, dzi\u0119ki niemu mo\u017cemy do\u015bwiadcza\u0107 urok\u00f3w  tego \u015bwiata. Jest nasz\u0105 \u015bwi\u0105tyni\u0105, o kt\u00f3r\u0105 nale\u017cy dba\u0107, szanowa\u0107 j\u0105,  aby\u015bmy byli szcz\u0119\u015bliwi i zdrowi. Ka\u017cdy z nas nosi trudy dnia codziennego  zapisane w ciele. Tworz\u0105 one blokady dla przep\u0142ywu energii, a co za tym  idzie napi\u0119cia w mi\u0119\u015bniach i powi\u0119zi. To z kolei prowadzi do ich  gorszego funkcjonowania. Wp\u0142ywa to nie tylko na nasze cia\u0142o fizyczne,  ale r\u00f3wnie\u017c na psychik\u0119. Jeste\u015bmy coraz bardziej zm\u0119czeni, dra\u017cliwi,  podatni na samokrytyk\u0119. Przestajemy akceptowa\u0107 siebie. <\/strong><\/p>\n\n\n\n<p>Na  szcz\u0119\u015bcie istnieje wiele sposob\u00f3w, aby temu zaradzi\u0107. Ka\u017cdy z nas ma  swoje ulubione zaj\u0119cia, kt\u00f3re wprowadzaj\u0105 nas w dobry nastr\u00f3j i  samopoczucie. Moj\u0105 propozycj\u0105 dla wszystkich jest masa\u017c. Jest to tak  szeroki wachlarz mo\u017cliwo\u015bci, \u017ce ka\u017cdy mo\u017ce z niego skorzysta\u0107. Dla  kochaj\u0105cych ciep\u0142o proponuj\u0119 masa\u017c relaksacyjny, gor\u0105cymi kamieniami czy  Lomi Lomi Nui. Dla kochaj\u0105cych mocniejsze doznania masa\u017c leczniczy lub ba\u0144k\u0105 chi\u0144sk\u0105. Osoby borykaj\u0105ce si\u0119 z ci\u0119\u017cko\u015bci\u0105 n\u00f3g i obrz\u0119kami zapraszam na drena\u017c limfatyczny.&nbsp;<\/p>\n\n\n\n<figure class=\"wp-block-image size-full\"><a href=\"https:\/\/booksy.com\/pl-pl\/115746_pracownia-dobrej-energii-dominika-brozynska_masaz_13750_wroclaw\"><img fetchpriority=\"high\" decoding=\"async\" width=\"6016\" height=\"4016\" src=\"https:\/\/pracowniadobrejenergii.pl\/wp-content\/uploads\/2020\/01\/massage-oil-PT3ZUJ4.jpg\" alt=\"\" class=\"wp-image-26\"\/><\/a><\/figure>\n\n\n\n<p>Ka\u017cdy masa\u017c czy  terapia poprzedzona jest rozmow\u0105, aby wykluczy\u0107 wszelkie  przeciwwskazania i trafi\u0107 w sedno problemu i oczekiwa\u0144 klienta.&nbsp;Masa\u017c  jest niezwyk\u0142ym zabiegiem, kt\u00f3ry dzia\u0142a na ca\u0142e nasze cia\u0142o i dusz\u0119.  Pomaga w przep\u0142ywie krwi, dotleniaj\u0105c ka\u017cd\u0105 kom\u00f3rk\u0119 naszego cia\u0142a.  Rozlu\u017ania mi\u0119\u015bnie, wp\u0142ywa na wytworzenie endorfin i usuni\u0119cie toksyn z  organizmu. Po masa\u017cu jeste\u015bmy rado\u015bni, odpr\u0119\u017ceni i gotowi do zdobywania  cel\u00f3w, kt\u00f3re jeszcze przed chwil\u0105 wydawa\u0142y si\u0119 poza naszym zasi\u0119giem.  Nabieramy szacunku do swojego cia\u0142a i zaczynamy zdawa\u0107 sobie spraw\u0119, \u017ce  dbanie o nie to nasz obowi\u0105zek, aby s\u0142u\u017cy\u0142o nam d\u0142ugo i w zdrowiu.&nbsp;<\/p>\n\n\n\n<p><strong>Zatem  do dzie\u0142a. Przedstawiam Pa\u0144stwu na stronie www zakres moich mo\u017cliwo\u015bci i umiej\u0119tno\u015bci. Mam nadziej\u0119, \u017ce ju\u017c nied\u0142ugo spotkamy si\u0119, aby wsp\u00f3lnie  pos\u0142ucha\u0107 pr\u00f3\u015bb p\u0142yn\u0105cych prosto z waszych cia\u0142. <\/strong><\/p>\n\n\n\n<p><strong>Zapraszam z ca\u0142\u0105  mi\u0142o\u015bci\u0105 jak\u0105 darz\u0119 sw\u00f3j zaw\u00f3d.<\/strong><\/p>\n\n\n<div class=\"wp-block-image\">\n<figure class=\"aligncenter size-large\"><a href=\"https:\/\/booksy.com\/pl-pl\/115746_pracownia-dobrej-energii-dominika-brozynska_masaz_13750_wroclaw\"><img decoding=\"async\" width=\"794\" height=\"383\" src=\"https:\/\/pracowniadobrejenergii.pl\/wp-content\/uploads\/2023\/03\/baner-FB-pracownia-dobrej-energii-ZIELONO-MI-794x383.jpg\" alt=\"\" class=\"wp-image-632\" srcset=\"https:\/\/pracowniadobrejenergii.pl\/wp-content\/uploads\/2023\/03\/baner-FB-pracownia-dobrej-energii-ZIELONO-MI.jpg 794w, https:\/\/pracowniadobrejenergii.pl\/wp-content\/uploads\/2023\/03\/baner-FB-pracownia-dobrej-energii-ZIELONO-MI-768x370.jpg 768w\" sizes=\"(max-width: 794px) 100vw, 794px\" \/><\/a><\/figure>\n<\/div>","protected":false},"excerpt":{"rendered":"<p>Cia\u0142o jest domem dla duszy, dzi\u0119ki niemu mo\u017cemy do\u015bwiadcza\u0107 urok\u00f3w tego \u015bwiata. Jest nasz\u0105 \u015bwi\u0105tyni\u0105, o kt\u00f3r\u0105 nale\u017cy dba\u0107, szanowa\u0107 j\u0105, aby\u015bmy byli szcz\u0119\u015bliwi i zdrowi. Ka\u017cdy z nas nosi trudy dnia codziennego zapisane w ciele. Tworz\u0105 one blokady dla przep\u0142ywu energii, a co za tym idzie napi\u0119cia w mi\u0119\u015bniach i powi\u0119zi. To z kolei prowadzi do ich gorszego funkcjonowania. Wp\u0142ywa to nie tylko na nasze cia\u0142o fizyczne, ale r\u00f3wnie\u017c na psychik\u0119. Jeste\u015bmy coraz bardziej zm\u0119czeni, dra\u017cliwi, podatni na samokrytyk\u0119. Przestajemy akceptowa\u0107 siebie. Na szcz\u0119\u015bcie istnieje wiele sposob\u00f3w, aby temu zaradzi\u0107. Ka\u017cdy z nas ma swoje ulubione zaj\u0119cia, kt\u00f3re wprowadzaj\u0105 nas w dobry nastr\u00f3j i samopoczucie. Moj\u0105 propozycj\u0105 dla wszystkich jest masa\u017c. Jest to tak szeroki wachlarz mo\u017cliwo\u015bci, \u017ce ka\u017cdy mo\u017ce z niego skorzysta\u0107. Dla kochaj\u0105cych ciep\u0142o proponuj\u0119 masa\u017c relaksacyjny, gor\u0105cymi kamieniami czy Lomi Lomi Nui. Dla kochaj\u0105cych mocniejsze doznania masa\u017c leczniczy lub ba\u0144k\u0105 chi\u0144sk\u0105. Osoby borykaj\u0105ce si\u0119 z ci\u0119\u017cko\u015bci\u0105&hellip;<\/p>\n<p> <a class=\"more-link\" href=\"https:\/\/pracowniadobrejenergii.pl\/\">Dowiedz si\u0119 wi\u0119cej<\/a><\/p>\n","protected":false},"author":2,"featured_media":38,"parent":0,"menu_order":0,"comment_status":"closed","ping_status":"closed","template":"","meta":{"footnotes":""},"class_list":["post-54","page","type-page","status-publish","has-post-thumbnail"],"yoast_head":"<!-- This site is optimized with the Yoast SEO plugin v27.6 - https:\/\/yoast.com\/product\/yoast-seo-wordpress\/ -->\n<title>Energia dla zdrowia - energia dla zdrowia<\/title>\n<meta name=\"robots\" content=\"index, follow, max-snippet:-1, max-image-preview:large, max-video-preview:-1\" \/>\n<link rel=\"canonical\" href=\"https:\/\/pracowniadobrejenergii.pl\/\" \/>\n<meta property=\"og:locale\" content=\"pl_PL\" \/>\n<meta property=\"og:type\" content=\"article\" \/>\n<meta property=\"og:title\" content=\"Energia dla zdrowia - energia dla zdrowia\" \/>\n<meta property=\"og:description\" content=\"Cia\u0142o jest domem dla duszy, dzi\u0119ki niemu mo\u017cemy do\u015bwiadcza\u0107 urok\u00f3w tego \u015bwiata. Jest nasz\u0105 \u015bwi\u0105tyni\u0105, o kt\u00f3r\u0105 nale\u017cy dba\u0107, szanowa\u0107 j\u0105, aby\u015bmy byli szcz\u0119\u015bliwi i zdrowi. Ka\u017cdy z nas nosi trudy dnia codziennego zapisane w ciele. Tworz\u0105 one blokady dla przep\u0142ywu energii, a co za tym idzie napi\u0119cia w mi\u0119\u015bniach i powi\u0119zi. To z kolei prowadzi do ich gorszego funkcjonowania. Wp\u0142ywa to nie tylko na nasze cia\u0142o fizyczne, ale r\u00f3wnie\u017c na psychik\u0119. Jeste\u015bmy coraz bardziej zm\u0119czeni, dra\u017cliwi, podatni na samokrytyk\u0119. Przestajemy akceptowa\u0107 siebie. Na szcz\u0119\u015bcie istnieje wiele sposob\u00f3w, aby temu zaradzi\u0107. Ka\u017cdy z nas ma swoje ulubione zaj\u0119cia, kt\u00f3re wprowadzaj\u0105 nas w dobry nastr\u00f3j i samopoczucie. Moj\u0105 propozycj\u0105 dla wszystkich jest masa\u017c. Jest to tak szeroki wachlarz mo\u017cliwo\u015bci, \u017ce ka\u017cdy mo\u017ce z niego skorzysta\u0107. Dla kochaj\u0105cych ciep\u0142o proponuj\u0119 masa\u017c relaksacyjny, gor\u0105cymi kamieniami czy Lomi Lomi Nui. Dla kochaj\u0105cych mocniejsze doznania masa\u017c leczniczy lub ba\u0144k\u0105 chi\u0144sk\u0105. Osoby borykaj\u0105ce si\u0119 z ci\u0119\u017cko\u015bci\u0105&hellip;  Dowiedz si\u0119 wi\u0119cej\" \/>\n<meta property=\"og:url\" content=\"https:\/\/pracowniadobrejenergii.pl\/\" \/>\n<meta property=\"og:site_name\" content=\"energia dla zdrowia\" \/>\n<meta property=\"article:modified_time\" content=\"2023-03-02T08:55:30+00:00\" \/>\n<meta property=\"og:image\" content=\"https:\/\/pracowniadobrejenergii.pl\/wp-content\/uploads\/2020\/01\/relaxing-face-massage-VWQPHK4-1024x683.jpg\" \/>\n\t<meta property=\"og:image:width\" content=\"1024\" \/>\n\t<meta property=\"og:image:height\" content=\"683\" \/>\n\t<meta property=\"og:image:type\" content=\"image\/jpeg\" \/>\n<meta name=\"twitter:card\" content=\"summary_large_image\" \/>\n<meta name=\"twitter:label1\" content=\"Szacowany czas czytania\" \/>\n\t<meta name=\"twitter:data1\" content=\"3 minuty\" \/>\n<script type=\"application\/ld+json\" class=\"yoast-schema-graph\">{\"@context\":\"https:\\\/\\\/schema.org\",\"@graph\":[{\"@type\":\"WebPage\",\"@id\":\"https:\\\/\\\/pracowniadobrejenergii.pl\\\/\",\"url\":\"https:\\\/\\\/pracowniadobrejenergii.pl\\\/\",\"name\":\"Energia dla zdrowia - energia dla zdrowia\",\"isPartOf\":{\"@id\":\"https:\\\/\\\/pracowniadobrejenergii.pl\\\/#website\"},\"primaryImageOfPage\":{\"@id\":\"https:\\\/\\\/pracowniadobrejenergii.pl\\\/#primaryimage\"},\"image\":{\"@id\":\"https:\\\/\\\/pracowniadobrejenergii.pl\\\/#primaryimage\"},\"thumbnailUrl\":\"https:\\\/\\\/pracowniadobrejenergii.pl\\\/wp-content\\\/uploads\\\/2020\\\/01\\\/relaxing-face-massage-VWQPHK4.jpg\",\"datePublished\":\"2020-01-14T14:21:21+00:00\",\"dateModified\":\"2023-03-02T08:55:30+00:00\",\"breadcrumb\":{\"@id\":\"https:\\\/\\\/pracowniadobrejenergii.pl\\\/#breadcrumb\"},\"inLanguage\":\"pl-PL\",\"potentialAction\":[{\"@type\":\"ReadAction\",\"target\":[\"https:\\\/\\\/pracowniadobrejenergii.pl\\\/\"]}]},{\"@type\":\"ImageObject\",\"inLanguage\":\"pl-PL\",\"@id\":\"https:\\\/\\\/pracowniadobrejenergii.pl\\\/#primaryimage\",\"url\":\"https:\\\/\\\/pracowniadobrejenergii.pl\\\/wp-content\\\/uploads\\\/2020\\\/01\\\/relaxing-face-massage-VWQPHK4.jpg\",\"contentUrl\":\"https:\\\/\\\/pracowniadobrejenergii.pl\\\/wp-content\\\/uploads\\\/2020\\\/01\\\/relaxing-face-massage-VWQPHK4.jpg\",\"width\":6750,\"height\":4500,\"caption\":\"Hands of beautician massaging face of young Asian woman with moisturizing treatment\"},{\"@type\":\"BreadcrumbList\",\"@id\":\"https:\\\/\\\/pracowniadobrejenergii.pl\\\/#breadcrumb\",\"itemListElement\":[{\"@type\":\"ListItem\",\"position\":1,\"name\":\"Strona g\u0142\u00f3wna\",\"item\":\"https:\\\/\\\/pracowniadobrejenergii.pl\\\/\"},{\"@type\":\"ListItem\",\"position\":2,\"name\":\"Energia dla zdrowia\"}]},{\"@type\":\"WebSite\",\"@id\":\"https:\\\/\\\/pracowniadobrejenergii.pl\\\/#website\",\"url\":\"https:\\\/\\\/pracowniadobrejenergii.pl\\\/\",\"name\":\"energia dla zdrowia\",\"description\":\"Pracownia dobrej energii to miejsce, w kt\u00f3rym praca z cia\u0142em to po\u0142\u0105czenie terapii manualnych, g\u0142\u00f3wnie masa\u017cy z naturalnymi, opartymi na poprawie przep\u0142ywu energii w ciele. \",\"publisher\":{\"@id\":\"https:\\\/\\\/pracowniadobrejenergii.pl\\\/#organization\"},\"potentialAction\":[{\"@type\":\"SearchAction\",\"target\":{\"@type\":\"EntryPoint\",\"urlTemplate\":\"https:\\\/\\\/pracowniadobrejenergii.pl\\\/?s={search_term_string}\"},\"query-input\":{\"@type\":\"PropertyValueSpecification\",\"valueRequired\":true,\"valueName\":\"search_term_string\"}}],\"inLanguage\":\"pl-PL\"},{\"@type\":\"Organization\",\"@id\":\"https:\\\/\\\/pracowniadobrejenergii.pl\\\/#organization\",\"name\":\"energia dla zdrowia\",\"url\":\"https:\\\/\\\/pracowniadobrejenergii.pl\\\/\",\"logo\":{\"@type\":\"ImageObject\",\"inLanguage\":\"pl-PL\",\"@id\":\"https:\\\/\\\/pracowniadobrejenergii.pl\\\/#\\\/schema\\\/logo\\\/image\\\/\",\"url\":\"https:\\\/\\\/pracowniadobrejenergii.pl\\\/wp-content\\\/uploads\\\/2022\\\/12\\\/cropped-IMG-20221212-WA00081.jpg\",\"contentUrl\":\"https:\\\/\\\/pracowniadobrejenergii.pl\\\/wp-content\\\/uploads\\\/2022\\\/12\\\/cropped-IMG-20221212-WA00081.jpg\",\"width\":320,\"height\":320,\"caption\":\"energia dla zdrowia\"},\"image\":{\"@id\":\"https:\\\/\\\/pracowniadobrejenergii.pl\\\/#\\\/schema\\\/logo\\\/image\\\/\"}}]}<\/script>\n<!-- \/ Yoast SEO plugin. -->","yoast_head_json":{"title":"Energia dla zdrowia - energia dla zdrowia","robots":{"index":"index","follow":"follow","max-snippet":"max-snippet:-1","max-image-preview":"max-image-preview:large","max-video-preview":"max-video-preview:-1"},"canonical":"https:\/\/pracowniadobrejenergii.pl\/","og_locale":"pl_PL","og_type":"article","og_title":"Energia dla zdrowia - energia dla zdrowia","og_description":"Cia\u0142o jest domem dla duszy, dzi\u0119ki niemu mo\u017cemy do\u015bwiadcza\u0107 urok\u00f3w tego \u015bwiata. Jest nasz\u0105 \u015bwi\u0105tyni\u0105, o kt\u00f3r\u0105 nale\u017cy dba\u0107, szanowa\u0107 j\u0105, aby\u015bmy byli szcz\u0119\u015bliwi i zdrowi. Ka\u017cdy z nas nosi trudy dnia codziennego zapisane w ciele. Tworz\u0105 one blokady dla przep\u0142ywu energii, a co za tym idzie napi\u0119cia w mi\u0119\u015bniach i powi\u0119zi. To z kolei prowadzi do ich gorszego funkcjonowania. Wp\u0142ywa to nie tylko na nasze cia\u0142o fizyczne, ale r\u00f3wnie\u017c na psychik\u0119. Jeste\u015bmy coraz bardziej zm\u0119czeni, dra\u017cliwi, podatni na samokrytyk\u0119. Przestajemy akceptowa\u0107 siebie. Na szcz\u0119\u015bcie istnieje wiele sposob\u00f3w, aby temu zaradzi\u0107. Ka\u017cdy z nas ma swoje ulubione zaj\u0119cia, kt\u00f3re wprowadzaj\u0105 nas w dobry nastr\u00f3j i samopoczucie. Moj\u0105 propozycj\u0105 dla wszystkich jest masa\u017c. Jest to tak szeroki wachlarz mo\u017cliwo\u015bci, \u017ce ka\u017cdy mo\u017ce z niego skorzysta\u0107. Dla kochaj\u0105cych ciep\u0142o proponuj\u0119 masa\u017c relaksacyjny, gor\u0105cymi kamieniami czy Lomi Lomi Nui. Dla kochaj\u0105cych mocniejsze doznania masa\u017c leczniczy lub ba\u0144k\u0105 chi\u0144sk\u0105. Osoby borykaj\u0105ce si\u0119 z ci\u0119\u017cko\u015bci\u0105&hellip;  Dowiedz si\u0119 wi\u0119cej","og_url":"https:\/\/pracowniadobrejenergii.pl\/","og_site_name":"energia dla zdrowia","article_modified_time":"2023-03-02T08:55:30+00:00","og_image":[{"width":1024,"height":683,"url":"https:\/\/pracowniadobrejenergii.pl\/wp-content\/uploads\/2020\/01\/relaxing-face-massage-VWQPHK4-1024x683.jpg","type":"image\/jpeg"}],"twitter_card":"summary_large_image","twitter_misc":{"Szacowany czas czytania":"3 minuty"},"schema":{"@context":"https:\/\/schema.org","@graph":[{"@type":"WebPage","@id":"https:\/\/pracowniadobrejenergii.pl\/","url":"https:\/\/pracowniadobrejenergii.pl\/","name":"Energia dla zdrowia - energia dla zdrowia","isPartOf":{"@id":"https:\/\/pracowniadobrejenergii.pl\/#website"},"primaryImageOfPage":{"@id":"https:\/\/pracowniadobrejenergii.pl\/#primaryimage"},"image":{"@id":"https:\/\/pracowniadobrejenergii.pl\/#primaryimage"},"thumbnailUrl":"https:\/\/pracowniadobrejenergii.pl\/wp-content\/uploads\/2020\/01\/relaxing-face-massage-VWQPHK4.jpg","datePublished":"2020-01-14T14:21:21+00:00","dateModified":"2023-03-02T08:55:30+00:00","breadcrumb":{"@id":"https:\/\/pracowniadobrejenergii.pl\/#breadcrumb"},"inLanguage":"pl-PL","potentialAction":[{"@type":"ReadAction","target":["https:\/\/pracowniadobrejenergii.pl\/"]}]},{"@type":"ImageObject","inLanguage":"pl-PL","@id":"https:\/\/pracowniadobrejenergii.pl\/#primaryimage","url":"https:\/\/pracowniadobrejenergii.pl\/wp-content\/uploads\/2020\/01\/relaxing-face-massage-VWQPHK4.jpg","contentUrl":"https:\/\/pracowniadobrejenergii.pl\/wp-content\/uploads\/2020\/01\/relaxing-face-massage-VWQPHK4.jpg","width":6750,"height":4500,"caption":"Hands of beautician massaging face of young Asian woman with moisturizing treatment"},{"@type":"BreadcrumbList","@id":"https:\/\/pracowniadobrejenergii.pl\/#breadcrumb","itemListElement":[{"@type":"ListItem","position":1,"name":"Strona g\u0142\u00f3wna","item":"https:\/\/pracowniadobrejenergii.pl\/"},{"@type":"ListItem","position":2,"name":"Energia dla zdrowia"}]},{"@type":"WebSite","@id":"https:\/\/pracowniadobrejenergii.pl\/#website","url":"https:\/\/pracowniadobrejenergii.pl\/","name":"energia dla zdrowia","description":"Pracownia dobrej energii to miejsce, w kt\u00f3rym praca z cia\u0142em to po\u0142\u0105czenie terapii manualnych, g\u0142\u00f3wnie masa\u017cy z naturalnymi, opartymi na poprawie przep\u0142ywu energii w ciele. ","publisher":{"@id":"https:\/\/pracowniadobrejenergii.pl\/#organization"},"potentialAction":[{"@type":"SearchAction","target":{"@type":"EntryPoint","urlTemplate":"https:\/\/pracowniadobrejenergii.pl\/?s={search_term_string}"},"query-input":{"@type":"PropertyValueSpecification","valueRequired":true,"valueName":"search_term_string"}}],"inLanguage":"pl-PL"},{"@type":"Organization","@id":"https:\/\/pracowniadobrejenergii.pl\/#organization","name":"energia dla zdrowia","url":"https:\/\/pracowniadobrejenergii.pl\/","logo":{"@type":"ImageObject","inLanguage":"pl-PL","@id":"https:\/\/pracowniadobrejenergii.pl\/#\/schema\/logo\/image\/","url":"https:\/\/pracowniadobrejenergii.pl\/wp-content\/uploads\/2022\/12\/cropped-IMG-20221212-WA00081.jpg","contentUrl":"https:\/\/pracowniadobrejenergii.pl\/wp-content\/uploads\/2022\/12\/cropped-IMG-20221212-WA00081.jpg","width":320,"height":320,"caption":"energia dla zdrowia"},"image":{"@id":"https:\/\/pracowniadobrejenergii.pl\/#\/schema\/logo\/image\/"}}]}},"_links":{"self":[{"href":"https:\/\/pracowniadobrejenergii.pl\/index.php\/wp-json\/wp\/v2\/pages\/54","targetHints":{"allow":["GET"]}}],"collection":[{"href":"https:\/\/pracowniadobrejenergii.pl\/index.php\/wp-json\/wp\/v2\/pages"}],"about":[{"href":"https:\/\/pracowniadobrejenergii.pl\/index.php\/wp-json\/wp\/v2\/types\/page"}],"author":[{"embeddable":true,"href":"https:\/\/pracowniadobrejenergii.pl\/index.php\/wp-json\/wp\/v2\/users\/2"}],"replies":[{"embeddable":true,"href":"https:\/\/pracowniadobrejenergii.pl\/index.php\/wp-json\/wp\/v2\/comments?post=54"}],"version-history":[{"count":21,"href":"https:\/\/pracowniadobrejenergii.pl\/index.php\/wp-json\/wp\/v2\/pages\/54\/revisions"}],"predecessor-version":[{"id":766,"href":"https:\/\/pracowniadobrejenergii.pl\/index.php\/wp-json\/wp\/v2\/pages\/54\/revisions\/766"}],"wp:featuredmedia":[{"embeddable":true,"href":"https:\/\/pracowniadobrejenergii.pl\/index.php\/wp-json\/wp\/v2\/media\/38"}],"wp:attachment":[{"href":"https:\/\/pracowniadobrejenergii.pl\/index.php\/wp-json\/wp\/v2\/media?parent=54"}],"curies":[{"name":"wp","href":"https:\/\/api.w.org\/{rel}","templated":true}]}}